{"id":303,"date":"2022-05-13T15:54:36","date_gmt":"2022-05-13T13:54:36","guid":{"rendered":"https:\/\/studyo2.me\/?page_id=303"},"modified":"2022-05-14T17:13:18","modified_gmt":"2022-05-14T15:13:18","slug":"303-2","status":"publish","type":"page","link":"https:\/\/studyo2.me\/index.php\/303-2\/","title":{"rendered":"LA CHANSON POUR L&rsquo;UKRAINE"},"content":{"rendered":"\n<h2 class=\"wp-block-heading\">La Chanson Pour L&rsquo;UKRAINE<\/h2>\n\n\n\n<figure class=\"wp-block-video\"><video controls src=\"https:\/\/studyo2.me\/wp-content\/uploads\/2022\/05\/La-chanson-pour-lUkraine-V3.mp4\"><\/video><figcaption>l&rsquo;Histoire de David et Goliath<\/figcaption><\/figure>\n\n\n\n<h2 class=\"wp-block-heading\">La Chanson de la paix pour L&rsquo;UKRAINE<\/h2>\n\n\n\n<h2 class=\"wp-block-heading\">L\u2019invasion russe, r\u00e9actions de l\u2019ONU<\/h2>\n\n\n\n<ul><li>La Russie a lanc\u00e9 dans la nuit du 23 au 24 f\u00e9vrier 2022 une&nbsp;<a href=\"https:\/\/news.un.org\/fr\/story\/2022\/02\/1115072\" target=\"_blank\" rel=\"noreferrer noopener\"><strong>offensive militaire sur l\u2019Ukraine<\/strong><\/a>. L\u2019ONU consid\u00e8re que cette attaque est&nbsp;<strong>une violation de l\u2019int\u00e9grit\u00e9 du territoire et de la souverainet\u00e9 de l\u2019Ukraine. Elle<\/strong>&nbsp;<strong>est contraire aux principes de la&nbsp;<a href=\"https:\/\/unric.org\/fr\/la-charte-des-nations-unies-en-5-questions\/\" target=\"_blank\" rel=\"noreferrer noopener\">Charte des Nations Unies.<\/a><\/strong><\/li><li>Les principes de la Charte des Nations Unies&nbsp;<strong>ne peuvent \u00eatre appliqu\u00e9s de mani\u00e8re s\u00e9lective<\/strong>. Les Etats Membres les ont tous accept\u00e9s et ils doivent les appliquer tous.<\/li><li>Le Secr\u00e9taire g\u00e9n\u00e9ral de l\u2019ONU nomme le 25 f\u00e9vrier&nbsp;<a href=\"https:\/\/www.un.org\/press\/fr\/2022\/sga2102.doc.htm\" target=\"_blank\" rel=\"noreferrer noopener\">Amin Awad<\/a>&nbsp;au poste de Coordonnateur des Nations Unies pour la crise en Ukraine.<\/li><li>Le procureur de la&nbsp;<a href=\"https:\/\/www.icc-cpi.int\/Pages\/item.aspx?name=20220228-prosecutor-statement-ukraine&amp;ln=fr\" target=\"_blank\" rel=\"noreferrer noopener\">Cour p\u00e9nale internationale<\/a>&nbsp;ouvre une<strong>&nbsp;enqu\u00eate pour crimes de guerres et crimes contre l\u2019humanit\u00e9&nbsp;<\/strong>le 28 f\u00e9vrier.<\/li><li>Le 2 mars, l\u2019Assembl\u00e9e g\u00e9n\u00e9rale adopte une&nbsp;<strong><a href=\"http:\/\/undocs.org\/A\/RES\/ES-11\/1\" target=\"_blank\" rel=\"noreferrer noopener\">r\u00e9solution<\/a>&nbsp;d\u00e9plorant \u00ab l\u2019agression \u00bb commise par la Russie contre l\u2019Ukraine<\/strong>&nbsp;(141 voix pour, 5 contre et 35 abstentions).<\/li><li>Le&nbsp;<strong>Conseil des droits de l\u2019homme<\/strong>&nbsp;de l\u2019ONU adopte le 4 mars une&nbsp;<a href=\"https:\/\/documents-dds-ny.un.org\/doc\/UNDOC\/GEN\/G22\/277\/45\/PDF\/G2227745.pdf?OpenElement\" target=\"_blank\" rel=\"noreferrer noopener\">r\u00e9solution<\/a>&nbsp;appelant au retrait \u00ab rapide et v\u00e9rifiable \u00bb des troupes russes et des groupes arm\u00e9s soutenus par la Russie de la totalit\u00e9 du territoire de l\u2019Ukraine.<\/li><li>Le&nbsp;<a href=\"https:\/\/twitter.com\/UN_HRC\/status\/1499707901715394568?s=20&amp;t=LSOeNUpVp98bcYvYFntzJA\" target=\"_blank\" rel=\"noreferrer noopener\">Conseil des droits de l\u2019homme<\/a>&nbsp;d\u00e9cide le 5 mars d\u2019\u00e9tablir d\u2019urgence une<strong>&nbsp;commission d\u2019enqu\u00eate internationale ind\u00e9pendante&nbsp;<\/strong>charg\u00e9e d\u2019enqu\u00eater sur toutes les violations pr\u00e9sum\u00e9es des droits de l\u2019homme dans le contexte de l\u2019agression de la F\u00e9d\u00e9ration de Russie contre l\u2019Ukraine.<\/li><li><strong>La Cour internationale de justice<\/strong>&nbsp;ordonne le 16 mars \u00e0 la Russie&nbsp;<a href=\"https:\/\/www.icj-cij.org\/public\/files\/case-related\/182\/182-20220316-PRE-01-00-FR.pdf\" target=\"_blank\" rel=\"noreferrer noopener\"><strong>de suspendre imm\u00e9diatement ses op\u00e9rations militaires en Ukraine<\/strong><\/a>.<\/li><li>Le 24 mars, l\u2019Assembl\u00e9e g\u00e9n\u00e9rale des Nations Unies adopte une r\u00e9solution sur les cons\u00e9quences humanitaires de la guerre en Ukraine, dans laquelle elle&nbsp;<strong>exige un arr\u00eat \u00ab imm\u00e9diat \u00bb des hostilit\u00e9s par la Russie contre l\u2019Ukraine<\/strong>&nbsp;(140 voix pour, 5 contre et 38 abstentions).<\/li><li>Le Secr\u00e9taire g\u00e9n\u00e9ral de l\u2019ONU annonce le 28 mars qu\u2019il chargeait le chef de l\u2019humanitaire des Nations Unies&nbsp;<a href=\"https:\/\/news.un.org\/fr\/story\/2022\/03\/1117172\" target=\"_blank\" rel=\"noreferrer noopener\"><strong>d\u2019explorer imm\u00e9diatement avec les parties concern\u00e9es les accords et arrangements possibles pour un cessez-le-feu humanitaire en Ukraine<\/strong><\/a>.<\/li><li>Les Nations Unies nomment le 30 mars&nbsp;<a href=\"https:\/\/news.un.org\/fr\/story\/2022\/03\/1117292\" target=\"_blank\" rel=\"noreferrer noopener\"><strong>trois experts des droits de l\u2019homme devant mener une enqu\u00eate sur d\u2019\u00e9ventuelles violations<\/strong><\/a>&nbsp;du droit international commises pendant le conflit en Ukraine.<\/li><li>La cheffe des droits de l\u2019homme de l\u2019ONU s\u2019est dite \u00ab horrifi\u00e9e \u00bb, lundi 4 avril, par les images des corps gisant dans la ville ukrainienne de Boutcha, d\u00e9couverts apr\u00e8s le retrait des troupes russes, \u00e9voquant de \u00ab&nbsp;<strong><a href=\"https:\/\/news.un.org\/fr\/story\/2022\/04\/1117572\" target=\"_blank\" rel=\"noreferrer noopener\">possibles crimes de guerre et atteintes graves au droit international<\/a><\/strong>&nbsp;\u00bb.<\/li><li>Le Pr\u00e9sident ukrainien s\u2019est exprim\u00e9 devant le Conseil de s\u00e9curit\u00e9 le 5 avril et l\u2019a mis&nbsp; au d\u00e9fi soit de faire sortir la f\u00e9d\u00e9ration de Russie du Conseil afin qu\u2019elle ne puisse plus bloquer les d\u00e9cisions prises au sujet de sa propre agression, soit de simplement se \u00ab dissoudre compl\u00e8tement \u00bb.&nbsp;<a href=\"https:\/\/news.un.org\/fr\/story\/2022\/04\/1117682\" target=\"_blank\" rel=\"noreferrer noopener\">Lire<\/a><\/li><li>L\u2019Assembl\u00e9e g\u00e9n\u00e9rale adopte le 7 avril une&nbsp;<a href=\"https:\/\/www.un.org\/press\/fr\/2022\/ag12214.doc.htm\" target=\"_blank\" rel=\"noreferrer noopener\">r\u00e9solution<\/a>&nbsp;par laquelle elle&nbsp;<strong>suspend la Russie du Conseil des droits de l\u2019homme.<\/strong><\/li><li>Fin avril, le Secr\u00e9taire g\u00e9n\u00e9ral de l\u2019ONU s\u2019est rendu en&nbsp;<a href=\"https:\/\/unric.org\/fr\/en-deplacement-a-moscou-le-chef-de-lonu-a-des-discussions-franches\/\">Russie<\/a>&nbsp;et en&nbsp;<a href=\"https:\/\/unric.org\/fr\/l-onu-reaffime-son-soutien-aux-ukrainiens\/\" target=\"_blank\" rel=\"noreferrer noopener\">Ukraine.<\/a><\/li><li>L\u2019Assembl\u00e9e g\u00e9n\u00e9rale de l\u2019ONU&nbsp;<a href=\"https:\/\/news.un.org\/fr\/story\/2022\/04\/1118942\" target=\"_blank\" rel=\"noreferrer noopener\">a adopt\u00e9<\/a>&nbsp;le 26 avril 2022 une&nbsp;<a href=\"http:\/\/undocs.org\/fr\/A\/RES\/76\/262\" target=\"_blank\" rel=\"noreferrer noopener\">nouvelle r\u00e9solution<\/a>&nbsp;demandant aux cinq membres permanents du Conseil de s\u00e9curit\u00e9 de<strong>&nbsp;justifier leur&nbsp;<a href=\"https:\/\/unric.org\/fr\/droit-de-veto-ce-qui-va-changer\/\" target=\"_blank\" rel=\"noreferrer noopener\">recours au veto<\/a>.&nbsp;<\/strong><\/li><li>Le Conseil de s\u00e9curit\u00e9 de l\u2019ONU&nbsp;<a href=\"https:\/\/news.un.org\/fr\/story\/2022\/05\/1119572\" target=\"_blank\" rel=\"noreferrer noopener\">a adopt\u00e9<\/a>&nbsp;le 6 mai 2022 une d\u00e9claration dans laquelle il&nbsp;<strong>apporte son ferme soutien aux efforts d\u00e9ploy\u00e9s par le Secr\u00e9taire g\u00e9n\u00e9ral pour parvenir \u00e0 une solution pacifique en Ukraine<\/strong>. Le Secr\u00e9taire g\u00e9n\u00e9ral s\u2019est f\u00e9licit\u00e9 que pour la premi\u00e8re fois le Conseil de s\u00e9curit\u00e9 parle d\u2019une seule voix pour la paix en Ukraine.<\/li><\/ul>\n\n\n\n<h2 class=\"wp-block-heading\">Appel humanitaire d\u2019urgence<\/h2>\n\n\n\n<ul><li>Les Nations Unies et ses partenaires humanitaires ont lanc\u00e9 le 1er mars des<strong>&nbsp;appels d\u2019urgence coordonn\u00e9s pour un montant total de 1,7 milliard de dollars<\/strong>&nbsp;afin d\u2019apporter une aide humanitaire d\u2019urgence aux personnes en Ukraine et aux r\u00e9fugi\u00e9s dans les pays voisins. Au 25 avril, cet appel \u00e9tait financ\u00e9 \u00e0 hauteur de 70%.<\/li><li>Le 26 avril, face \u00e0 l\u2019aggravation de la crise en Ukraine,<strong>&nbsp;l\u2019ONU&nbsp;<a href=\"https:\/\/news.un.org\/fr\/story\/2022\/04\/1118882\" target=\"_blank\" rel=\"noreferrer noopener\">a doubl\u00e9 son appel d\u2019urgence<\/a>, portant le total \u00e0 2,25 milliards de dollars.<\/strong>&nbsp;Jusqu\u2019\u00e0 pr\u00e9sent, le soutien des donateurs, d\u2019un montant de 980 millions de dollars, a permis aux Nations Unies et \u00e0 ses partenaires d\u2019apporter une aide humanitaire \u00e0 3,4 millions de personnes en Ukraine. Avec les besoins r\u00e9vis\u00e9s, cela donne une couverture de financement de 44 %. Le nombre estim\u00e9 de personnes ayant besoin d\u2019une aide humanitaire a \u00e9galement augment\u00e9, passant de&nbsp;<strong>12 millions \u00e0 15,7 millions \u00e0 l\u2019int\u00e9rieur du pays<\/strong>.<\/li><li>L\u2019ONU et ses partenaires ont offert \u00e0 plus de 4,1 millions de personnes une aide humanitaire et une protection depuis le d\u00e9but de la guerre.<\/li><\/ul>\n\n\n\n<h2 class=\"wp-block-heading\">Priorit\u00e9 \u00e0 la protection des civils<\/h2>\n\n\n\n<ul id=\"SOSUKRAINE\"><li>L\u2019ONU fait de la protection des civils sa priorit\u00e9 et intensifie ses&nbsp;<a href=\"https:\/\/unric.org\/fr\/ukraine-la-protection-des-civils-priorite-de-lonu\/\" target=\"_blank\" rel=\"noreferrer noopener\">op\u00e9rations humanitaires<\/a>&nbsp;\u00e0 l\u2019int\u00e9rieur et autour de l\u2019Ukraine. L\u2019ONU a<strong>&nbsp;besoin d\u2019un acc\u00e8s s\u00fbr et sans entrave<\/strong>&nbsp;\u00e0 toutes les zones touch\u00e9es par l\u2019offensive militaire de la Russie. Il est&nbsp;<strong>urgent d\u2019\u00e9tablir un passage s\u00fbr pour les fournitures m\u00e9dicales et le personnel de sant\u00e9 qui sauvent des vies.<\/strong><\/li><li>S\u2019adressant au Conseil de s\u00e9curit\u00e9 depuis Gen\u00e8ve, le coordinateur des secours d\u2019urgence, Martin Griffiths, a d\u00e9clar\u00e9 mardi 5 avril que<strong>&nbsp;plus d\u2019un quart de la population ukrainienne avait fui<\/strong>. \u00ab Des conditions p\u00e9rilleuses entravent nos efforts pour acc\u00e9der aux civils \u2013 ou pour qu\u2019ils puissent acc\u00e9der \u00e0 nous \u00bb, a-t-il soulign\u00e9.<\/li><li>L\u2019Organisation mondiale de la Sant\u00e9 (OMS) a condamn\u00e9 fermement les actes de violence contre les centres de sant\u00e9, qui sont<strong>&nbsp;des violations du droit international humanitaire et des droits de l\u2019homme<\/strong>. L\u2019OMS a authentifi\u00e9 160 attaques contre les soins de sant\u00e9 depuis le d\u00e9but de la guerre.<\/li><li>La cheffe des affaires politiques de l\u2019ONU a averti vendredi 11 mars le Conseil de s\u00e9curit\u00e9 que les&nbsp;<a href=\"https:\/\/news.un.org\/fr\/story\/2022\/03\/1116182\" target=\"_blank\" rel=\"noreferrer noopener\">attaques directes contre des civils et des biens de caract\u00e8re civil sont interdites par le droit international et peuvent&nbsp;<strong>constituer des crimes de guerre<\/strong><\/a>.<\/li><li>Le Haut-Commissariat aux droits de l\u2019homme a d\u00e9nonc\u00e9 vendredi 11 mars l\u2019utilisation en Ukraine de&nbsp;<a href=\"https:\/\/news.un.org\/fr\/story\/2022\/03\/1116132\" target=\"_blank\" rel=\"noreferrer noopener\">bombes \u00e0 sous-munitions russes qui ont tu\u00e9 des civils<\/a>.<\/li><li>Selon le Haut-Commissariat aux droits de l\u2019homme,&nbsp;<a href=\"https:\/\/www.ohchr.org\/en\/news\/2022\/05\/ukraine-civilian-casualty-update-12-may-2022\" target=\"_blank\" rel=\"noreferrer noopener\"><strong>7326 victimes civiles ont \u00e9t\u00e9 enregistr\u00e9es, dont 3541 morts<\/strong><\/a>. Le chiffre r\u00e9el pourrait \u00eatre consid\u00e9rablement plus \u00e9lev\u00e9 \u00e0 mesure que les victimes signal\u00e9es sont confirm\u00e9es. Des dizaines de millions de personnes sont en \u00ab&nbsp;<strong>danger de mort potentiel<\/strong>&nbsp;\u00bb.<\/li><\/ul>\n\n\n\n<h2 class=\"wp-block-heading\">La plus grande crise de r\u00e9fugi\u00e9s en Europe de ce si\u00e8cle<\/h2>\n\n\n\n<ul><li>Le Haut-Commissariat des Nations Unies pour les r\u00e9fugi\u00e9s (HCR) a estim\u00e9 que&nbsp;<strong>plus de<\/strong>&nbsp;<strong>5,9 millions de personne ont fui l\u2019Ukraine<\/strong>&nbsp;<strong>et plus de 8 millions d\u2019Ukrainiens sont d\u00e9plac\u00e9es \u00e0 l\u2019int\u00e9rieur du pays.&nbsp;<\/strong>Il s\u2019agit du mouvement de population forc\u00e9 le plus rapide depuis la Seconde Guerre mondiale.<\/li><li>Selon l\u2019UNICEF,&nbsp;<a href=\"https:\/\/www.unicef.fr\/article\/chaque-minute-55-enfants-fuient-leur-pays-chaque-seconde-qui-passe-un-enfant-ukrainien\" target=\"_blank\" rel=\"noreferrer noopener\"><strong>chaque seconde qui passe, un enfant ukrainien devient un r\u00e9fugi\u00e9<\/strong><\/a>.<\/li><li>Il est important que la solidarit\u00e9 envers les victimes de cette guerre s\u2019\u00e9tende sans aucune discrimination.&nbsp;<strong>Toutes les personnes, quelles que soient leur race, leur ethnie, leur religion ou leur culture, doivent b\u00e9n\u00e9ficier du m\u00eame traitement et de la m\u00eame protection.<\/strong><\/li><li>Au 8 mars, les agences des Nations Unies \u00e9taient pr\u00e9sentes dans chacun des 24 oblasts du pays et avaient apport\u00e9 une&nbsp;<strong>assistance humanitaire vitale \u00e0 2,1 millions de personnes<\/strong>&nbsp;en Ukraine<\/li><li><a href=\"https:\/\/www.unicef.fr\/article\/ukraine-l-impact-de-la-guerre-sur-les-enfants\" target=\"_blank\" rel=\"noreferrer noopener\">L\u2019UNICEF<\/a>&nbsp;intensifie ses efforts afin de venir en aide aux centaines de milliers d\u2019enfants qui, des deux c\u00f4t\u00e9s de la ligne de contact, souffrent quotidiennement des cons\u00e9quences du conflit arm\u00e9.<\/li><li>Le&nbsp;<a href=\"https:\/\/www.wfp.org\/stories\/world-food-programme-set-assist-thousands-refugees-ukraine\" target=\"_blank\" rel=\"noreferrer noopener\">Programme alimentaire mondial (PAM)&nbsp;<\/a>renforce ses op\u00e9rations pour atteindre jusqu\u2019\u00e0 3,1 millions de civils par le biais de transferts en esp\u00e8ces et de distributions de nourriture en nature si n\u00e9cessaire. Le personnel du PAM \u00e0 Kiev indique que les r\u00e9serves alimentaires sont en train de s\u2019\u00e9puiser, les rayons des \u00e9piceries \u00e9tant presque vides. L\u2019agence pr\u00e9voit de fournir une assistance sous forme de distributions de nourriture en nature, d\u2019argent liquide \u00e0 usages multiples et de bons alimentaires utilisables dans certains magasins.<\/li><li>En date du 7 avril, l\u2019OMS a livr\u00e9 plus de 185 tonnes de fournitures m\u00e9dicales dans les zones les plus durement touch\u00e9es du pays, permettant ainsi \u00e0 un demi-million de personnes de b\u00e9n\u00e9ficier de mat\u00e9riel de traumatologie, de chirurgie et de soins de sant\u00e9 primaires. 125 tonnes suppl\u00e9mentaires d\u2019articles de premi\u00e8re n\u00e9cessit\u00e9 sont \u00e9galement en cours d\u2019acheminement.<\/li><\/ul>\n\n\n\n<h2 class=\"wp-block-heading\">Un conflit aux cons\u00e9quences humanitaires d\u00e9sastreuses<\/h2>\n\n\n\n<ul><li>Le Programme des Nations Unies pour le d\u00e9veloppement (PNUD) a averti que l\u2019Ukraine&nbsp;<a href=\"https:\/\/news.un.org\/fr\/story\/2022\/03\/1116432\" target=\"_blank\" rel=\"noreferrer noopener\"><strong>pourrait sombrer dans la pauvret\u00e9<\/strong><\/a>.<\/li><li>OCHA a averti mardi 5 avril que&nbsp;<a href=\"https:\/\/news.un.org\/fr\/story\/2022\/04\/1117692\" target=\"_blank\" rel=\"noreferrer noopener\"><strong>la situation humanitaire est devenue effroyable<\/strong><\/a>&nbsp;dans les r\u00e9gions les plus durement touch\u00e9es par le conflit en Ukraine.<\/li><\/ul>\n\n\n\n<h2 class=\"wp-block-heading\">Installations nucl\u00e9aires<\/h2>\n\n\n\n<ul><li>Les centrales nucl\u00e9aires ne devraient jamais \u00eatre vis\u00e9es par des op\u00e9rations militaires. Les op\u00e9rations militaires autour des sites nucl\u00e9aires et autres infrastructures civiles critiques sont&nbsp;<strong>inacceptables, hautement irresponsables et contraires au droit humanitaire international.&nbsp;<\/strong><\/li><li><strong>L\u2019<a href=\"https:\/\/www.iaea.org\/fr\" target=\"_blank\" rel=\"noreferrer noopener\">Agence internationale de l\u2019\u00e9nergie atomique<\/a>&nbsp;(AIEA) suit de pr\u00e8s l\u2019\u00e9volution de la situation<\/strong>.<\/li><li>\u00ab Les op\u00e9rations militaires autour des sites nucl\u00e9aires et d\u2019autres infrastructures civiles critiques sont non seulement<strong>&nbsp;inacceptables mais aussi hautement irresponsables<\/strong>&nbsp;\u00bb, a d\u00e9clar\u00e9 Rosemary DiCarlo, la cheffe des affaires politiques de l\u2019ONU, devant les quinze membres du Conseil.<\/li><\/ul>\n\n\n\n<h2 class=\"wp-block-heading\">S\u00e9curit\u00e9 alimentaire<\/h2>\n\n\n\n<p>Selon le Fonds international de d\u00e9veloppement agricole, la guerre en Ukraine&nbsp;<strong>met en p\u00e9ril les approvisionnements mondiaux des c\u00e9r\u00e9ales et la&nbsp;<a href=\"https:\/\/news.un.org\/fr\/story\/2022\/03\/1115542\" target=\"_blank\" rel=\"noreferrer noopener\">s\u00e9curit\u00e9 alimentaire<\/a><\/strong>.<\/p>\n\n\n\n<p>La FAO a averti que les perturbations subies par la production et les fili\u00e8res d\u2019approvisionnement et d\u2019acheminement des c\u00e9r\u00e9ales et des graines ol\u00e9agineuses, et les restrictions impos\u00e9es aux exportations de la Russie, auront des r\u00e9percussions sensibles sur la s\u00e9curit\u00e9 alimentaire.&nbsp;<strong><a href=\"https:\/\/www.fao.org\/director-general\/news\/news-article\/fr\/c\/1476493\/\" target=\"_blank\" rel=\"noreferrer noopener\">8 \u00e0 13 millions de personnes suppl\u00e9mentaires pourraient souffrir de sous-nutrition dans le monde<\/a><\/strong>&nbsp;si les exportations alimentaires de l\u2019Ukraine et de la Russie \u00e9taient durablement emp\u00each\u00e9es du fait de la guerre.<\/p>\n\n\n\n<p>Le Secr\u00e9taire g\u00e9n\u00e9ral de l\u2019ONU a mis en garde contre&nbsp;<a href=\"https:\/\/unric.org\/fr\/un-ouragan-de-la-faim-gonfle-par-la-guerre-en-ukraine\/\" target=\"_blank\" rel=\"noreferrer noopener\">un \u00ab ouragan de famine \u00bb et un \u00ab effondrement du syst\u00e8me alimentaire mondial \u00bb<\/a>.<\/p>\n","protected":false},"excerpt":{"rendered":"<p>La Chanson Pour L&rsquo;UKRAINE La Chanson de la paix pour L&rsquo;UKRAINE L\u2019invasion russe, r\u00e9actions de l\u2019ONU La Russie a lanc\u00e9 dans la nuit du 23 au 24 f\u00e9vrier 2022 une&nbsp;offensive militaire sur l\u2019Ukraine. L\u2019ONU consid\u00e8re que cette attaque est&nbsp;une violation de l\u2019int\u00e9grit\u00e9 du territoire et de la souverainet\u00e9 de l\u2019Ukraine. Elle&nbsp;est contraire aux principes de &hellip; <\/p>\n","protected":false},"author":1,"featured_media":309,"parent":0,"menu_order":0,"comment_status":"closed","ping_status":"closed","template":"","meta":{"footnotes":""},"_links":{"self":[{"href":"https:\/\/studyo2.me\/index.php\/wp-json\/wp\/v2\/pages\/303"}],"collection":[{"href":"https:\/\/studyo2.me\/index.php\/wp-json\/wp\/v2\/pages"}],"about":[{"href":"https:\/\/studyo2.me\/index.php\/wp-json\/wp\/v2\/types\/page"}],"author":[{"embeddable":true,"href":"https:\/\/studyo2.me\/index.php\/wp-json\/wp\/v2\/users\/1"}],"replies":[{"embeddable":true,"href":"https:\/\/studyo2.me\/index.php\/wp-json\/wp\/v2\/comments?post=303"}],"version-history":[{"count":4,"href":"https:\/\/studyo2.me\/index.php\/wp-json\/wp\/v2\/pages\/303\/revisions"}],"predecessor-version":[{"id":311,"href":"https:\/\/studyo2.me\/index.php\/wp-json\/wp\/v2\/pages\/303\/revisions\/311"}],"wp:featuredmedia":[{"embeddable":true,"href":"https:\/\/studyo2.me\/index.php\/wp-json\/wp\/v2\/media\/309"}],"wp:attachment":[{"href":"https:\/\/studyo2.me\/index.php\/wp-json\/wp\/v2\/media?parent=303"}],"curies":[{"name":"wp","href":"https:\/\/api.w.org\/{rel}","templated":true}]}}