{"id":191,"date":"2020-11-27T14:24:35","date_gmt":"2020-11-27T13:24:35","guid":{"rendered":"http:\/\/studyo2.me\/?page_id=191"},"modified":"2020-11-27T15:29:54","modified_gmt":"2020-11-27T14:29:54","slug":"kol-israel-music","status":"publish","type":"page","link":"https:\/\/studyo2.me\/index.php\/kol-israel-music\/","title":{"rendered":"KOL ISRAEL MUSIC"},"content":{"rendered":"<img decoding=\"async\" width=\"790\" height=\"216\" src=\"http:\/\/studyo2.me\/wp-content\/uploads\/2020\/11\/LOGO-KOL-ISRAEL-MUSIC.jpg\" alt=\"\" loading=\"lazy\" srcset=\"http:\/\/studyo2.me\/wp-content\/uploads\/2020\/11\/LOGO-KOL-ISRAEL-MUSIC.jpg 987w, http:\/\/studyo2.me\/wp-content\/uploads\/2020\/11\/LOGO-KOL-ISRAEL-MUSIC-300x82.jpg 300w, http:\/\/studyo2.me\/wp-content\/uploads\/2020\/11\/LOGO-KOL-ISRAEL-MUSIC-768x210.jpg 768w, http:\/\/studyo2.me\/wp-content\/uploads\/2020\/11\/LOGO-KOL-ISRAEL-MUSIC-219x60.jpg 219w\" sizes=\"(max-width: 790px) 100vw, 790px\" \/>\t\t\t\t\t\t\t\t\t\t\t\n\t\t<h3 style=\"text-align: center;\">Faites diffuser votre musique dans tout Isra\u00ebl. Le moyen Orient et dans toute la communaut\u00e9 juive du monde y compris les \u00e9tats unis d&rsquo;Am\u00e9rique<\/h3>\n<h5 style=\"text-align: center;\">En cliquant sur le logo KOLISRAELMUSIC vous allez d\u00e9couvrir un monde musical nouveau<\/h5>\n<figure><a href=\"http:\/\/kol-israel-music.com\/index-music\/\"><img decoding=\"async\" src=\"http:\/\/studyo2.me\/wp-content\/uploads\/2020\/11\/KOL-ISRAEL-MUSIC.jpg\" alt=\"\" \/><\/a><\/figure>\n","protected":false},"excerpt":{"rendered":"<p>Faites diffuser votre musique dans tout Isra\u00ebl. Le moyen Orient et dans toute la communaut\u00e9 juive du monde y compris les \u00e9tats unis d&rsquo;Am\u00e9rique En cliquant sur le logo KOLISRAELMUSIC vous allez d\u00e9couvrir un monde musical nouveau<\/p>\n","protected":false},"author":1,"featured_media":0,"parent":0,"menu_order":0,"comment_status":"closed","ping_status":"closed","template":"","meta":{"footnotes":""},"_links":{"self":[{"href":"https:\/\/studyo2.me\/index.php\/wp-json\/wp\/v2\/pages\/191"}],"collection":[{"href":"https:\/\/studyo2.me\/index.php\/wp-json\/wp\/v2\/pages"}],"about":[{"href":"https:\/\/studyo2.me\/index.php\/wp-json\/wp\/v2\/types\/page"}],"author":[{"embeddable":true,"href":"https:\/\/studyo2.me\/index.php\/wp-json\/wp\/v2\/users\/1"}],"replies":[{"embeddable":true,"href":"https:\/\/studyo2.me\/index.php\/wp-json\/wp\/v2\/comments?post=191"}],"version-history":[{"count":20,"href":"https:\/\/studyo2.me\/index.php\/wp-json\/wp\/v2\/pages\/191\/revisions"}],"predecessor-version":[{"id":261,"href":"https:\/\/studyo2.me\/index.php\/wp-json\/wp\/v2\/pages\/191\/revisions\/261"}],"wp:attachment":[{"href":"https:\/\/studyo2.me\/index.php\/wp-json\/wp\/v2\/media?parent=191"}],"curies":[{"name":"wp","href":"https:\/\/api.w.org\/{rel}","templated":true}]}}