{"id":110,"date":"2020-11-27T13:05:27","date_gmt":"2020-11-27T12:05:27","guid":{"rendered":"http:\/\/studyo2.me\/?page_id=110"},"modified":"2024-11-08T21:16:48","modified_gmt":"2024-11-08T20:16:48","slug":"video","status":"publish","type":"page","link":"https:\/\/studyo2.me\/index.php\/video\/","title":{"rendered":"Vid\u00e9os"},"content":{"rendered":"\n<figure class=\"wp-block-embed is-type-video is-provider-youtube wp-block-embed-youtube wp-embed-aspect-16-9 wp-has-aspect-ratio\"><div class=\"wp-block-embed__wrapper\">\n<iframe loading=\"lazy\" title=\"Mal dans mon coeur VF  Paroles et Musique NADJAR Elie\" width=\"790\" height=\"444\" src=\"https:\/\/www.youtube.com\/embed\/3Co8MhxpoMo?feature=oembed\" frameborder=\"0\" allow=\"accelerometer; autoplay; clipboard-write; encrypted-media; gyroscope; picture-in-picture; web-share\" referrerpolicy=\"strict-origin-when-cross-origin\" allowfullscreen><\/iframe>\n<\/div><\/figure>\n\n\n\n<h2 class=\"wp-block-heading\"><strong>MAL DANS MON COEUR<\/strong><\/h2>\n\n\n\n<p><strong> Une voix magnifique, sur une m\u00e9lodie extra donne un succ\u00e8s garanti \/A magnificent voice, on an extra melody gives a guaranteed success<\/strong><\/p>\n\n\n\n<figure class=\"wp-block-embed is-type-video is-provider-youtube wp-block-embed-youtube wp-embed-aspect-16-9 wp-has-aspect-ratio\"><div class=\"wp-block-embed__wrapper\">\n<iframe loading=\"lazy\" title=\"Je T&#039;aime ( karaok\u00e9 version francaise) Paroles et Musique NADJAR Elie\" width=\"790\" height=\"444\" src=\"https:\/\/www.youtube.com\/embed\/zXq3vGM1b_8?feature=oembed\" frameborder=\"0\" allow=\"accelerometer; autoplay; clipboard-write; encrypted-media; gyroscope; picture-in-picture; web-share\" referrerpolicy=\"strict-origin-when-cross-origin\" allowfullscreen><\/iframe>\n<\/div><\/figure>\n\n\n\n<h2 class=\"wp-block-heading\" id=\"block-102dc587-e13f-478b-98f5-294193d1c4f0\"><strong>Je t&rsquo;aime paroles et musique: Nadjar Elie, JE T AIME VIDEO <\/strong><\/h2>\n\n\n\n<h5 class=\"wp-block-heading\" id=\"block-102dc587-e13f-478b-98f5-294193d1c4f0\">quand le bonheur est immense et que l&rsquo;amour est grand, et le destin d&rsquo;une vie compl\u00e8te aussi celle de son partenaire, c&rsquo;est le plus grand malheur et immense douleur, mais l&rsquo;amour est indestructible, m\u00eame apr\u00e8s la mort<\/h5>\n\n\n\n<h4 class=\"wp-block-heading\"><\/h4>\n\n\n\n<figure class=\"wp-block-embed is-type-video is-provider-youtube wp-block-embed-youtube wp-embed-aspect-16-9 wp-has-aspect-ratio\"><div class=\"wp-block-embed__wrapper\">\n<iframe loading=\"lazy\" title=\"you will be a man my son  Paroles et Musique NADJAR Elie\" width=\"790\" height=\"444\" src=\"https:\/\/www.youtube.com\/embed\/E9iLriIdbeA?feature=oembed\" frameborder=\"0\" allow=\"accelerometer; autoplay; clipboard-write; encrypted-media; gyroscope; picture-in-picture; web-share\" referrerpolicy=\"strict-origin-when-cross-origin\" allowfullscreen><\/iframe>\n<\/div><\/figure>\n\n\n\n<figure class=\"wp-block-embed is-type-video is-provider-youtube wp-block-embed-youtube wp-embed-aspect-16-9 wp-has-aspect-ratio\"><div class=\"wp-block-embed__wrapper\">\n<iframe loading=\"lazy\" title=\"mikeelliott55 44K bailando salsa  Paroles et Musique NADJAR Elie\" width=\"790\" height=\"444\" src=\"https:\/\/www.youtube.com\/embed\/MgqEHRQF_jU?feature=oembed\" frameborder=\"0\" allow=\"accelerometer; autoplay; clipboard-write; encrypted-media; gyroscope; picture-in-picture; web-share\" referrerpolicy=\"strict-origin-when-cross-origin\" allowfullscreen><\/iframe>\n<\/div><\/figure>\n\n\n\n<figure class=\"wp-block-embed is-type-video is-provider-youtube wp-block-embed-youtube wp-embed-aspect-16-9 wp-has-aspect-ratio\"><div class=\"wp-block-embed__wrapper\">\n<iframe loading=\"lazy\" title=\"I love you lyrics song|Mikeelliott55 JE T AIME VIDEO  Paroles et Musique NADJAR Elie\" width=\"790\" height=\"444\" src=\"https:\/\/www.youtube.com\/embed\/aQnxpBhX7k8?feature=oembed\" frameborder=\"0\" allow=\"accelerometer; autoplay; clipboard-write; encrypted-media; gyroscope; picture-in-picture; web-share\" referrerpolicy=\"strict-origin-when-cross-origin\" allowfullscreen><\/iframe>\n<\/div><figcaption class=\"wp-element-caption\"><strong>I love you words and music: Nadjar Elie, I LOVE YOU VIDEO<br>when happiness is immense and love is great, and the fate of a life also completes that of his partner, it is the greatest misfortune and immense pain, but love is indestructible, even after death<\/strong><\/figcaption><\/figure>\n\n\n\n<figure class=\"wp-block-embed is-type-video is-provider-youtube wp-block-embed-youtube wp-embed-aspect-4-3 wp-has-aspect-ratio\"><div class=\"wp-block-embed__wrapper\">\n<iframe loading=\"lazy\" title=\"&quot;Musique&quot; MASS Feat Bona\" width=\"790\" height=\"593\" src=\"https:\/\/www.youtube.com\/embed\/LzXKFZr3omc?feature=oembed\" frameborder=\"0\" allow=\"accelerometer; autoplay; clipboard-write; encrypted-media; gyroscope; picture-in-picture; web-share\" referrerpolicy=\"strict-origin-when-cross-origin\" allowfullscreen><\/iframe>\n<\/div><\/figure>\n\n\n\n<figure class=\"wp-block-embed is-type-video is-provider-youtube wp-block-embed-youtube wp-embed-aspect-16-9 wp-has-aspect-ratio\"><div class=\"wp-block-embed__wrapper\">\n<iframe loading=\"lazy\" title=\"Tu seras un homme mon fils (you will be a man my son) Paroles et Musique NADJAR Elie\" width=\"790\" height=\"444\" src=\"https:\/\/www.youtube.com\/embed\/MVcgwvrS3sU?feature=oembed\" frameborder=\"0\" allow=\"accelerometer; autoplay; clipboard-write; encrypted-media; gyroscope; picture-in-picture; web-share\" referrerpolicy=\"strict-origin-when-cross-origin\" allowfullscreen><\/iframe>\n<\/div><\/figure>\n\n\n\n<figure class=\"wp-block-embed is-type-video is-provider-vimeo wp-block-embed-vimeo wp-embed-aspect-16-9 wp-has-aspect-ratio\"><div class=\"wp-block-embed__wrapper\">\n<iframe loading=\"lazy\" title=\"Mikeelliott55-R\u00e9volution is Evolution\" src=\"https:\/\/player.vimeo.com\/video\/484826855?dnt=1&amp;app_id=122963\" width=\"790\" height=\"444\" frameborder=\"0\" allow=\"autoplay; fullscreen; picture-in-picture; clipboard-write\"><\/iframe>\n<\/div><figcaption class=\"wp-element-caption\"><strong>R\u00e9volution c &lsquo;est l&rsquo;l&rsquo;\u00e9volution<\/strong><\/figcaption><\/figure>\n\n\n\n<h4 class=\"wp-block-heading\">l&rsquo;histoire des r\u00e9volutions dans le monde qui ont aboutit a l\u2019\u00e9volution de leurs soci\u00e9t\u00e9s<\/h4>\n\n\n\n<p><\/p>\n\n\n\n<figure class=\"wp-block-video\"><\/figure>\n\n\n\n<figure class=\"wp-block-video\"><\/figure>\n\n\n\n<figure class=\"wp-block-video\"><video controls src=\"https:\/\/studyo2.me\/wp-content\/uploads\/2024\/11\/AIMER-CEST-BIEN-SE-FAIRE-AIMER-CEST-MIEUX-1.mp4\"><\/video><\/figure>\n\n\n\n<figure class=\"wp-block-video\"><video controls src=\"https:\/\/studyo2.me\/wp-content\/uploads\/2024\/11\/FOU-DE-TOI-1.mp4\"><\/video><\/figure>\n\n\n\n<figure class=\"wp-block-video\"><video controls src=\"https:\/\/studyo2.me\/wp-content\/uploads\/2024\/11\/FORBIDEN-TO-FORBID.mp4\"><\/video><\/figure>\n","protected":false},"excerpt":{"rendered":"<p>MAL DANS MON COEUR Une voix magnifique, sur une m\u00e9lodie extra donne un succ\u00e8s garanti \/A magnificent voice, on an extra melody gives a guaranteed success Je t&rsquo;aime paroles et musique: Nadjar Elie, JE T AIME VIDEO quand le bonheur est immense et que l&rsquo;amour est grand, et le destin d&rsquo;une vie compl\u00e8te aussi celle &hellip; <\/p>\n","protected":false},"author":1,"featured_media":0,"parent":0,"menu_order":0,"comment_status":"closed","ping_status":"closed","template":"","meta":{"footnotes":""},"_links":{"self":[{"href":"https:\/\/studyo2.me\/index.php\/wp-json\/wp\/v2\/pages\/110"}],"collection":[{"href":"https:\/\/studyo2.me\/index.php\/wp-json\/wp\/v2\/pages"}],"about":[{"href":"https:\/\/studyo2.me\/index.php\/wp-json\/wp\/v2\/types\/page"}],"author":[{"embeddable":true,"href":"https:\/\/studyo2.me\/index.php\/wp-json\/wp\/v2\/users\/1"}],"replies":[{"embeddable":true,"href":"https:\/\/studyo2.me\/index.php\/wp-json\/wp\/v2\/comments?post=110"}],"version-history":[{"count":13,"href":"https:\/\/studyo2.me\/index.php\/wp-json\/wp\/v2\/pages\/110\/revisions"}],"predecessor-version":[{"id":537,"href":"https:\/\/studyo2.me\/index.php\/wp-json\/wp\/v2\/pages\/110\/revisions\/537"}],"wp:attachment":[{"href":"https:\/\/studyo2.me\/index.php\/wp-json\/wp\/v2\/media?parent=110"}],"curies":[{"name":"wp","href":"https:\/\/api.w.org\/{rel}","templated":true}]}}